{"id":1200,"date":"2021-03-10T10:34:58","date_gmt":"2021-03-10T10:34:58","guid":{"rendered":"http:\/\/test.vindestinationskane.se\/?page_id=1200"},"modified":"2021-06-17T10:11:31","modified_gmt":"2021-06-17T10:11:31","slug":"shop-duplicate-1","status":"publish","type":"page","link":"https:\/\/vindestinationskane.se\/?page_id=1200","title":{"rendered":"Bli medlem"},"content":{"rendered":"<div class=\"fusion-fullwidth fullwidth-box fusion-builder-row-1 fusion-flex-container nonhundred-percent-fullwidth non-hundred-percent-height-scrolling\" style=\"background-color: rgba(255,255,255,0);background-position: center center;background-repeat: no-repeat;border-width: 0px 0px 0px 0px;border-color:#eae9e9;border-style:solid;\" ><div class=\"fusion-builder-row fusion-row fusion-flex-align-items-flex-start\" style=\"max-width:1216.8px;margin-left: calc(-4% \/ 2 );margin-right: calc(-4% \/ 2 );\"><div class=\"fusion-layout-column fusion_builder_column fusion-builder-column-0 fusion_builder_column_1_3 1_3 fusion-flex-column fusion-flex-align-self-flex-start\"><div class=\"fusion-column-wrapper fusion-flex-justify-content-center fusion-content-layout-column fusion-empty-column-bg-image\" style=\"background-image: url(&#039;http:\/\/test.vindestinationskane.se\/wp-content\/uploads\/2020\/09\/bg.gif&#039;);background-position:left top;background-repeat:no-repeat;-webkit-background-size:cover;-moz-background-size:cover;-o-background-size:cover;background-size:cover;padding: 0px 0px 270px 0px;\" data-bg-url=\"http:\/\/test.vindestinationskane.se\/wp-content\/uploads\/2020\/09\/bg.gif\"><img decoding=\"async\" src=\"data:image\/gif;base64,R0lGODlhAQABAAAAACH5BAEKAAEALAAAAAABAAEAAAICTAEAOw==\" alt=\"\"><\/div><style type=\"text\/css\">.fusion-body .fusion-builder-column-0{width:33.333333333333% !important;margin-top : 20px;margin-bottom : 20px;}.fusion-builder-column-0 > .fusion-column-wrapper {padding-top : 0px !important;padding-right : 0px !important;margin-right : 0%;padding-bottom : 270px !important;padding-left : 0px !important;margin-left : 5.76%;}@media only screen and (max-width:1050px) {.fusion-body .fusion-builder-column-0{width:100% !important;order : 0;}.fusion-builder-column-0 > .fusion-column-wrapper {margin-right : 1.92%;margin-left : 1.92%;}}@media only screen and (max-width:640px) {.fusion-body .fusion-builder-column-0{width:100% !important;order : 0;}.fusion-builder-column-0 > .fusion-column-wrapper {margin-right : 1.92%;margin-left : 1.92%;}}<\/style><\/div><div class=\"fusion-layout-column fusion_builder_column fusion-builder-column-1 fusion_builder_column_1_3 1_3 fusion-flex-column\"><div class=\"fusion-column-wrapper fusion-flex-justify-content-flex-start fusion-content-layout-column\" style=\"background-position:left top;background-repeat:no-repeat;-webkit-background-size:cover;-moz-background-size:cover;-o-background-size:cover;background-size:cover;padding: 0px 0px 0px 0px;\"><style type=\"text\/css\">@media only screen and (max-width:1050px) {.fusion-title.fusion-title-1{margin-top:0px!important; margin-right:0px!important;margin-bottom:0px!important;margin-left:0px!important;}}@media only screen and (max-width:640px) {.fusion-title.fusion-title-1{margin-top:0px!important; margin-right:0px!important;margin-bottom:20px!important; margin-left:0px!important;}}<\/style><div class=\"fusion-title title fusion-title-1 fusion-title-text fusion-title-size-one\" style=\"margin-top:0px;margin-right:0px;margin-bottom:0px;margin-left:0px;\"><div class=\"title-sep-container title-sep-container-left fusion-no-large-visibility fusion-no-medium-visibility fusion-no-small-visibility\"><div class=\"title-sep sep-\" style=\"border-color:#e0dede;\"><\/div><\/div><span class=\"awb-title-spacer fusion-no-large-visibility fusion-no-medium-visibility fusion-no-small-visibility\"><\/span><h1 class=\"title-heading-left fusion-responsive-typography-calculated\" style=\"margin:0;--fontSize:82;line-height:1;\"><h5 class=\"p1\" style=\"text-align: center;\"><span class=\"s1\">Bli medlem och st\u00f6d framv\u00e4xten av en ny vinregion.<span class=\"Apple-converted-space\">\u00a0<\/span><\/span><\/h5><\/h1><span class=\"awb-title-spacer\"><\/span><div class=\"title-sep-container title-sep-container-right\"><div class=\"title-sep sep-\" style=\"border-color:#e0dede;\"><\/div><\/div><\/div><div class=\"fusion-text fusion-text-1\"><p class=\"p1\"><span class=\"s1\">Som medlem i Vindestination Sk\u00e5ne kommer Du, f\u00f6rutom att f\u00e5 de 3 fina presenterna p\u00e5 bilden (tygkasse, presentp\u00e5se &amp; munskydd), h\u00e5llas uppdaterad om utvecklingen av vindestinationen Sk\u00e5ne och f\u00e5 exklusiva erbjudanden om att f\u00e5 f\u00f6lja med p\u00e5 vinpromenader, resor, festivaler och provningar f\u00f6re alla andra.<\/span><\/p>\n<p class=\"p1\"><span class=\"s1\">Bli en del av den r\u00f6relse som ska s\u00e4tta Sk\u00e5ne p\u00e5 den internationella vinkartan!<\/span><\/p>\n<p class=\"p1\"><span class=\"s1\">\u00a0<\/span><\/p>\n<p class=\"p1\"><span class=\"s1\">G\u00f6r s\u00e5 h\u00e4r!<span class=\"Apple-converted-space\">\u00a0<\/span><\/span><\/p>\n<p class=\"p1\"><span class=\"s1\">Swisha 200:- till 123 585 71 07, och GL\u00d6M INTE att skriva din postadress under \u201dmeddelande\u201d i din swish f\u00f6r att vi ska kunna skicka presenterna och nyhetsbreven till dig. Vill du bidra med dina kunskaper, n\u00e4tverk eller ytterligare donationer? H\u00f6r av dig!<\/span><\/p>\n<p class=\"p1\"><span class=\"s1\">Om du inte har swish: maila oss p\u00e5: <a href=\"mailto:info@vinsdestinationskane.se\"><span class=\"s2\">info@vinsdestinationskane.se<\/span><\/a><\/span><\/p>\n<p class=\"p1\"><span class=\"s1\">Gl\u00f6m inte att f\u00f6lja oss p\u00e5 facebook, instagram, twitter och linkedin!<span class=\"Apple-converted-space\">\u00a0<\/span><\/span><\/p>\n<\/div><\/div><style type=\"text\/css\">.fusion-body .fusion-builder-column-1{width:33.333333333333% !important;margin-top : 20px;margin-bottom : 20px;}.fusion-builder-column-1 > .fusion-column-wrapper {padding-top : 0px !important;padding-right : 0px !important;margin-right : 5.76%;padding-bottom : 0px !important;padding-left : 0px !important;margin-left : 5.76%;}@media only screen and (max-width:1050px) {.fusion-body .fusion-builder-column-1{width:100% !important;order : 0;}.fusion-builder-column-1 > .fusion-column-wrapper {margin-right : 1.92%;margin-left : 1.92%;}}@media only screen and (max-width:640px) {.fusion-body .fusion-builder-column-1{width:100% !important;order : 0;}.fusion-builder-column-1 > .fusion-column-wrapper {margin-right : 1.92%;margin-left : 1.92%;}}<\/style><\/div><div class=\"fusion-layout-column fusion_builder_column fusion-builder-column-2 fusion_builder_column_1_3 1_3 fusion-flex-column\"><div class=\"fusion-column-wrapper fusion-flex-justify-content-flex-start fusion-content-layout-column fusion-empty-column-bg-image\" style=\"background-image: url(&#039;https:\/\/vindestinationskane.se\/wp-content\/uploads\/2021\/03\/member.png&#039;);background-position:left top;background-repeat:no-repeat;-webkit-background-size:cover;-moz-background-size:cover;-o-background-size:cover;background-size:cover;padding: 0px 0px 118px 0px;\" data-bg-url=\"https:\/\/vindestinationskane.se\/wp-content\/uploads\/2021\/03\/member.png\"><img decoding=\"async\" src=\"data:image\/svg+xml,%3Csvg%20xmlns%3D%27http%3A%2F%2Fwww.w3.org%2F2000%2Fsvg%27%20width%3D%27444%27%20height%3D%27296%27%20viewBox%3D%270%200%20444%20296%27%3E%3Crect%20width%3D%27444%27%20height%3D%27296%27%20fill-opacity%3D%220%22%2F%3E%3C%2Fsvg%3E\" alt=\"\"><\/div><style type=\"text\/css\">.fusion-body .fusion-builder-column-2{width:33.333333333333% !important;margin-top : 28px;margin-bottom : 106px;}.fusion-builder-column-2 > .fusion-column-wrapper {padding-top : 0px !important;padding-right : 0px !important;margin-right : 0%;padding-bottom : 118px !important;padding-left : 0px !important;margin-left : 0%;}@media only screen and (max-width:1050px) {.fusion-body .fusion-builder-column-2{width:100% !important;order : 0;}.fusion-builder-column-2 > .fusion-column-wrapper {margin-right : 1.92%;margin-left : 1.92%;}}@media only screen and (max-width:640px) {.fusion-body .fusion-builder-column-2{width:100% !important;order : 0;}.fusion-builder-column-2 > .fusion-column-wrapper {margin-right : 1.92%;margin-left : 1.92%;}}<\/style><\/div><\/div><style type=\"text\/css\">.fusion-body .fusion-flex-container.fusion-builder-row-1{ padding-top : 0px;margin-top : 0px;padding-right : 0px;padding-bottom : 0px;margin-bottom : 0px;padding-left : 0px;}<\/style><\/div>\n","protected":false},"excerpt":{"rendered":"","protected":false},"author":1,"featured_media":0,"parent":0,"menu_order":0,"comment_status":"closed","ping_status":"closed","template":"100-width.php","meta":{"footnotes":""},"class_list":["post-1200","page","type-page","status-publish","hentry"],"_links":{"self":[{"href":"https:\/\/vindestinationskane.se\/index.php?rest_route=\/wp\/v2\/pages\/1200","targetHints":{"allow":["GET"]}}],"collection":[{"href":"https:\/\/vindestinationskane.se\/index.php?rest_route=\/wp\/v2\/pages"}],"about":[{"href":"https:\/\/vindestinationskane.se\/index.php?rest_route=\/wp\/v2\/types\/page"}],"author":[{"embeddable":true,"href":"https:\/\/vindestinationskane.se\/index.php?rest_route=\/wp\/v2\/users\/1"}],"replies":[{"embeddable":true,"href":"https:\/\/vindestinationskane.se\/index.php?rest_route=%2Fwp%2Fv2%2Fcomments&post=1200"}],"version-history":[{"count":29,"href":"https:\/\/vindestinationskane.se\/index.php?rest_route=\/wp\/v2\/pages\/1200\/revisions"}],"predecessor-version":[{"id":1510,"href":"https:\/\/vindestinationskane.se\/index.php?rest_route=\/wp\/v2\/pages\/1200\/revisions\/1510"}],"wp:attachment":[{"href":"https:\/\/vindestinationskane.se\/index.php?rest_route=%2Fwp%2Fv2%2Fmedia&parent=1200"}],"curies":[{"name":"wp","href":"https:\/\/api.w.org\/{rel}","templated":true}]}}