{"id":1253,"date":"2021-04-05T16:27:04","date_gmt":"2021-04-05T16:27:04","guid":{"rendered":"http:\/\/test.vindestinationskane.se\/?page_id=1253"},"modified":"2021-04-05T16:27:04","modified_gmt":"2021-04-05T16:27:04","slug":"gdpr","status":"publish","type":"page","link":"https:\/\/vindestinationskane.se\/?page_id=1253","title":{"rendered":"GDPR"},"content":{"rendered":"<div class=\"zw-paragraph\" data-width=\"604.072\" data-textformat=\"{&quot;size&quot;:10}\">\n<div class=\"zw-line-div\">\n<div class=\"zw-line-content\"><span class=\"zw-portion\" data-text-len=\"5\">GDPR\u00a0<\/span><span class=\"zw-portion\" data-text-len=\"1\">\u2013<\/span><span class=\"zw-portion\" data-text-len=\"16\">\u00a0Sekretesspolicy<\/span><span class=\"zw-portion\" data-text-len=\"5\">\u00a0f\u00f6r\u00a0<\/span><span class=\"zw-portion\" data-text-len=\"21\">Vindestination\u00a0Sk\u00e5ne,<\/span><span class=\"zw-portion\" data-text-len=\"1\">\u00a0<\/span><span class=\"zw-portion\" data-text-len=\"3\">org<\/span><span class=\"zw-portion\" data-text-len=\"4\">\u00a0nr\u00a0<\/span><span class=\"zw-portion\" data-text-len=\"6\">802533<\/span><span class=\"zw-portion\" data-text-len=\"1\">&#8211;<\/span><span class=\"zw-portion\" data-text-len=\"4\">4833<\/span><span class=\"zw-portion\" data-text-len=\"6\">\u00a0\u00a0\u00a0\u00a0\u00a0\u00a0<\/span><\/div>\n<div class=\"zw-line-background\"><\/div>\n<\/div>\n<div class=\"zw-line-div\">\n<div class=\"zw-line-content\"><span class=\"zw-portion\" data-text-len=\"11\">reviderad\u00a02<\/span><span class=\"zw-portion\" data-text-len=\"3\">103<\/span><span class=\"zw-portion\" data-text-len=\"2\">31<\/span><span class=\"EOP EOP-readonly\">\u00a0<\/span><\/div>\n<div class=\"zw-line-background\"><\/div>\n<\/div>\n<\/div>\n<div class=\"zw-paragraph\" data-width=\"604.072\" data-textformat=\"{&quot;size&quot;:12}\">\n<div class=\"zw-line-div\">\n<div class=\"zw-line-content\"><span class=\"zw-portion zw-br-portion\" data-text-len=\"1\">\u200b<\/span><\/div>\n<div class=\"zw-line-background\"><\/div>\n<\/div>\n<div class=\"zw-line-div\">\n<div class=\"zw-line-content\"><span class=\"zw-portion\" data-text-len=\"54\">Den\u00a0h\u00e4r\u00a0personuppgifts-policyn\u00a0g\u00e4ller\u00a0f\u00f6r\u00a0v\u00e5ra\u00a0kunder\u00a0<\/span><span class=\"zw-portion\" data-text-len=\"3\">hos<\/span><span class=\"zw-portion\" data-text-len=\"1\">\u00a0<\/span><span class=\"zw-portion\" data-text-len=\"20\">Vindestination\u00a0Sk\u00e5ne<\/span><span class=\"zw-portion\" data-text-len=\"1\">.<\/span><span class=\"zw-portion\" data-text-len=\"1\">\u00a0<\/span><span class=\"EOP EOP-readonly\">\u00a0<\/span><\/div>\n<div class=\"zw-line-background\"><\/div>\n<\/div>\n<\/div>\n<div class=\"zw-paragraph\" data-width=\"604.072\" data-textformat=\"{&quot;size&quot;:12}\">\n<div class=\"zw-line-div\">\n<div class=\"zw-line-content\"><span class=\"zw-portion\" data-text-len=\"94\">Personuppgifter\u00a0\u00e4r\u00a0information\u00a0som\u00a0identifierar\u00a0dig\u00a0eller\u00a0som\u00a0kan\u00a0anv\u00e4ndas\u00a0f\u00f6r\u00a0att\u00a0identifiera<\/span><span class=\"zw-portion\" data-text-len=\"1\">\u00a0<\/span><\/div>\n<div class=\"zw-line-background\"><\/div>\n<\/div>\n<div class=\"zw-line-div\">\n<div class=\"zw-line-content\"><span class=\"zw-portion\" data-text-len=\"90\">eller\u00a0kontakta\u00a0dig.\u00a0S\u00e5dana\u00a0personuppgifter\u00a0kan\u00a0inkludera\u00a0ditt\u00a0namn,\u00a0adress,\u00a0telefonnummer,<\/span><span class=\"zw-portion\" data-text-len=\"1\">\u00a0<\/span><\/div>\n<div class=\"zw-line-background\"><\/div>\n<\/div>\n<div class=\"zw-line-div\">\n<div class=\"zw-line-content\"><span class=\"zw-portion\" data-text-len=\"35\">mejl-adress\u00a0och\/eller\u00a0f\u00f6delsedatum.<\/span><span class=\"EOP EOP-readonly\">\u00a0<\/span><\/div>\n<div class=\"zw-line-background\"><\/div>\n<\/div>\n<\/div>\n<div class=\"zw-paragraph\" data-width=\"604.072\" data-textformat=\"{&quot;size&quot;:12}\">\n<div class=\"zw-line-div\">\n<div class=\"zw-line-content\"><span class=\"zw-portion\" data-text-len=\"90\">Vi\u00a0samlar\u00a0in\u00a0uppgifter\u00a0fr\u00e5n\u00a0dig\u00a0n\u00e4r\u00a0du\u00a0blir\u00a0kund\u00a0hos\u00a0oss\u00a0f\u00f6r\u00a0att\u00a0kunna\u00a0tillhandah\u00e5lla\u00a0v\u00e5ra<\/span><span class=\"zw-portion\" data-text-len=\"1\">\u00a0<\/span><\/div>\n<div class=\"zw-line-background\"><\/div>\n<\/div>\n<div class=\"zw-line-div\">\n<div class=\"zw-line-content\"><span class=\"zw-portion\" data-text-len=\"96\">tj\u00e4nster\u00a0p\u00e5\u00a0ett\u00a0korrekt\u00a0s\u00e4tt.\u00a0Vi\u00a0anv\u00e4nder\u00a0informationen\u00a0f\u00f6r\u00a0att\u00a0skr\u00e4ddarsy\u00a0tj\u00e4nsten\u00a0till\u00a0kundens<\/span><span class=\"zw-portion\" data-text-len=\"1\">\u00a0<\/span><\/div>\n<div class=\"zw-line-background\"><\/div>\n<\/div>\n<div class=\"zw-line-div\">\n<div class=\"zw-line-content\"><span class=\"zw-portion\" data-text-len=\"11\">verksamhet.<\/span><span class=\"EOP EOP-readonly\">\u00a0<\/span><\/div>\n<div class=\"zw-line-background\"><\/div>\n<\/div>\n<\/div>\n<div class=\"zw-paragraph\" data-width=\"604.072\" data-textformat=\"{&quot;size&quot;:12}\">\n<div class=\"zw-line-div\">\n<div class=\"zw-line-content\"><span class=\"zw-portion\" data-text-len=\"88\">Vi\u00a0samlar\u00a0in\u00a0informationen\u00a0via\u00a0t\u00a0ex\u00a0kundsupport\u00a0eller\u00a0fr\u00e5geformul\u00e4r\/avtal.\u00a0Den\u00a0r\u00e4ttsliga<\/span><span class=\"zw-portion\" data-text-len=\"1\">\u00a0<\/span><\/div>\n<div class=\"zw-line-background\"><\/div>\n<\/div>\n<div class=\"zw-line-div\">\n<div class=\"zw-line-content\"><span class=\"zw-portion\" data-text-len=\"86\">grunden\u00a0f\u00f6r\u00a0en\u00a0s\u00e5dan\u00a0behandling\u00a0av\u00a0uppgifter\u00a0\u00e4r\u00a0v\u00e5ra\u00a0legitima\u00a0intressen\u00a0att\u00a0skr\u00e4ddarsy<\/span><span class=\"zw-portion\" data-text-len=\"1\">\u00a0<\/span><\/div>\n<div class=\"zw-line-background\"><\/div>\n<\/div>\n<div class=\"zw-line-div\">\n<div class=\"zw-line-content\"><span class=\"zw-portion\" data-text-len=\"54\">inneh\u00e5llet\u00a0i\u00a0v\u00e5ra\u00a0tj\u00e4nster\u00a0f\u00f6r\u00a0optimal\u00a0kundupplevelse.<\/span><span class=\"EOP EOP-readonly\">\u00a0<\/span><\/div>\n<div class=\"zw-line-background\"><\/div>\n<\/div>\n<\/div>\n<div class=\"zw-paragraph\" data-width=\"604.072\" data-textformat=\"{&quot;size&quot;:12}\">\n<div class=\"zw-line-div\">\n<div class=\"zw-line-content\"><span class=\"zw-portion\" data-text-len=\"92\">Vi\u00a0anv\u00e4nder\u00a0\u00e4ven\u00a0ditt\u00a0namn\u00a0och\u00a0din\u00a0mejladress\u00a0f\u00f6r\u00a0att\u00a0skicka\u00a0dig\u00a0l\u00f6pande\u00a0information\u00a0om\u00a0dina<\/span><span class=\"zw-portion\" data-text-len=\"1\">\u00a0<\/span><\/div>\n<div class=\"zw-line-background\"><\/div>\n<\/div>\n<div class=\"zw-line-div\">\n<div class=\"zw-line-content\"><span class=\"zw-portion\" data-text-len=\"17\">tj\u00e4nster\u00a0hos\u00a0oss.<\/span><span class=\"EOP EOP-readonly\">\u00a0<\/span><\/div>\n<div class=\"zw-line-background\"><\/div>\n<\/div>\n<\/div>\n<div class=\"zw-paragraph\" data-width=\"604.072\" data-textformat=\"{&quot;size&quot;:12}\">\n<div class=\"zw-line-div\">\n<div class=\"zw-line-content\"><span class=\"zw-portion\" data-text-len=\"86\">Om\u00a0du\u00a0som\u00a0kund\u00a0kontaktar\u00a0kundtj\u00e4nst\u00a0kommer\u00a0vi\u00a0att\u00a0kommunicera\u00a0med\u00a0dig\u00a0med\u00a0svar\u00a0p\u00e5\u00a0dina<\/span><span class=\"zw-portion\" data-text-len=\"1\">\u00a0<\/span><\/div>\n<div class=\"zw-line-background\"><\/div>\n<\/div>\n<div class=\"zw-line-div\">\n<div class=\"zw-line-content\"><span class=\"zw-portion\" data-text-len=\"91\">fr\u00e5gor,\u00a0f\u00f6r\u00a0att\u00a0tillhandah\u00e5lla\u00a0de\u00a0tj\u00e4nster\u00a0du\u00a0beg\u00e4r,\u00a0och\u00a0f\u00f6r\u00a0att\u00a0hantera\u00a0ditt\u00a0kundkonto.\u00a0Vi<\/span><span class=\"zw-portion\" data-text-len=\"1\">\u00a0<\/span><\/div>\n<div class=\"zw-line-background\"><\/div>\n<\/div>\n<div class=\"zw-line-div\">\n<div class=\"zw-line-content\"><span class=\"zw-portion\" data-text-len=\"83\">kommer\u00a0att\u00a0kommunicera\u00a0med\u00a0dig\u00a0via\u00a0mejl\u00a0eller\u00a0telefon\u00a0i\u00a0enlighet\u00a0med\u00a0dina\u00a0\u00f6nskem\u00e5l.<\/span><span class=\"EOP EOP-readonly\">\u00a0<\/span><\/div>\n<div class=\"zw-line-background\"><\/div>\n<\/div>\n<\/div>\n<div class=\"zw-paragraph\" data-width=\"604.072\" data-textformat=\"{&quot;size&quot;:12}\">\n<div class=\"zw-line-div\">\n<div class=\"zw-line-content\"><span class=\"zw-portion zw-br-portion\" data-text-len=\"1\">\u200b<\/span><\/div>\n<div class=\"zw-line-background\"><\/div>\n<\/div>\n<div class=\"zw-line-div\">\n<div class=\"zw-line-content\"><span class=\"zw-portion\" data-text-len=\"16\">Dina\u00a0r\u00e4ttigheter<\/span><span class=\"zw-portion zw-br-portion\" data-text-len=\"1\">\u200b<\/span><\/div>\n<div class=\"zw-line-background\"><\/div>\n<\/div>\n<div class=\"zw-line-div\">\n<div class=\"zw-line-content\"><span class=\"zw-portion\" data-text-len=\"61\">Du\u00a0har\u00a0r\u00e4tt\u00a0att\u00a0beg\u00e4ra\u00a0r\u00e4ttelse\u00a0av\u00a0felaktiga\u00a0personuppgifter.<\/span><span class=\"EOP EOP-readonly\">\u00a0<\/span><\/div>\n<div class=\"zw-line-background\"><\/div>\n<\/div>\n<\/div>\n<div class=\"zw-paragraph\" data-width=\"604.072\" data-textformat=\"{&quot;size&quot;:12}\">\n<div class=\"zw-line-div\">\n<div class=\"zw-line-content\"><span class=\"zw-portion\" data-text-len=\"94\">Du\u00a0har\u00a0r\u00e4tt\u00a0till\u00a0radering\u00a0av\u00a0personuppgifter\u00a0utan\u00a0on\u00f6digt\u00a0dr\u00f6jsm\u00e5l\u00a0under\u00a0vissa\u00a0omst\u00e4ndigheter,<\/span><span class=\"zw-portion\" data-text-len=\"1\">\u00a0<\/span><\/div>\n<div class=\"zw-line-background\"><\/div>\n<\/div>\n<div class=\"zw-line-div\">\n<div class=\"zw-line-content\"><span class=\"zw-portion\" data-text-len=\"88\">t\u00a0ex\u00a0om\u00a0dina\u00a0personuppgifter\u00a0inte\u00a0l\u00e4ngre\u00a0beh\u00f6vs\u00a0f\u00f6r\u00a0de\u00a0\u00e4ndam\u00e5l\u00a0f\u00f6r\u00a0vilka\u00a0de\u00a0samlades\u00a0in.<\/span><span class=\"EOP EOP-readonly\">\u00a0<\/span><\/div>\n<div class=\"zw-line-background\"><\/div>\n<\/div>\n<\/div>\n<div class=\"zw-paragraph\" data-width=\"604.072\" data-textformat=\"{&quot;size&quot;:12}\">\n<div class=\"zw-line-div\">\n<div class=\"zw-line-content\"><span class=\"zw-portion\" data-text-len=\"84\">Du\u00a0har\u00a0r\u00e4tt\u00a0att\u00a0g\u00f6ra\u00a0inv\u00e4ndningar\u00a0om\u00a0vi\u00a0anv\u00e4nder\u00a0dina\u00a0uppgifter\u00a0i\u00a0egna\u00a0intressen\u00a0och<\/span><span class=\"zw-portion zw-br-portion\" data-text-len=\"1\">\u200b<\/span><\/div>\n<div class=\"zw-line-background\"><\/div>\n<\/div>\n<div class=\"zw-line-div\">\n<div class=\"zw-line-content\"><span class=\"zw-portion\" data-text-len=\"43\">marknadsf\u00f6rings\u00e4ndam\u00e5l\u00a0utan\u00a0ditt\u00a0medgivande<\/span><span class=\"zw-portion\" data-text-len=\"46\">,\u00a0samt\u00a0givetvis\u00a0om\u00a0dina\u00a0uppgifter\u00a0p\u00e5\u00a0n\u00e5got\u00a0vis<\/span><span class=\"zw-portion\" data-text-len=\"1\">\u00a0<\/span><\/div>\n<div class=\"zw-line-background\"><\/div>\n<\/div>\n<div class=\"zw-line-div\">\n<div class=\"zw-line-content\"><span class=\"zw-portion\" data-text-len=\"34\">skulle\u00a0behandlas\u00a0p\u00e5\u00a0olagligt\u00a0s\u00e4tt.<\/span><span class=\"EOP EOP-readonly\">\u00a0<\/span><\/div>\n<div class=\"zw-line-background\"><\/div>\n<\/div>\n<\/div>\n<div class=\"zw-paragraph\" data-width=\"604.072\" data-textformat=\"{&quot;size&quot;:12}\">\n<div class=\"zw-line-div\">\n<div class=\"zw-line-content\"><span class=\"zw-portion zw-br-portion\" data-text-len=\"1\">\u200b<\/span><\/div>\n<div class=\"zw-line-background\"><\/div>\n<\/div>\n<div class=\"zw-line-div\">\n<div class=\"zw-line-content\"><span class=\"zw-portion\" data-text-len=\"47\">Kontakta\u00a0dataskyddsombudet\u00a0hos\u00a0v\u00e5r\u00a0kundsupport\u00a0<\/span><span class=\"zw-portion\" data-text-len=\"3\">p\u00e5\u00a0<\/span><span class=\"zw-portion\" data-text-len=\"5\">info@<\/span><span class=\"zw-portion\" data-text-len=\"22\">vindestinationskane.se<\/span><span class=\"zw-portion\" data-text-len=\"1\">\u00a0<\/span><span class=\"zw-portion\" data-text-len=\"9\">om\u00a0du\u00a0har<\/span><span class=\"zw-portion\" data-text-len=\"1\">\u00a0<\/span><\/div>\n<div class=\"zw-line-background\"><\/div>\n<\/div>\n<div class=\"zw-line-div\">\n<div class=\"zw-line-content\"><span class=\"zw-portion\" data-text-len=\"54\">fr\u00e5gor\u00a0kring\u00a0v\u00e5r\u00a0integritet-\u00a0och\u00a0personuppgiftspolicy.<\/span><span class=\"EOP EOP-readonly\">\u00a0<\/span><\/div>\n<div class=\"zw-line-background\"><\/div>\n<\/div>\n<\/div>\n<div class=\"zw-paragraph\" data-width=\"604.072\" data-textformat=\"{&quot;size&quot;:11}\">\n<div class=\"zw-line-div\">\n<div class=\"zw-line-content\"><span class=\"EOP EOP-readonly\">\u00a0<\/span><\/div>\n<\/div>\n<\/div>\n","protected":false},"excerpt":{"rendered":"<p>GDPR\u00a0\u2013\u00a0Sekretesspolicy\u00a0f\u00f6r\u00a0Vindestination\u00a0Sk\u00e5ne,\u00a0org\u00a0nr\u00a0802533&#8211;4833\u00a0\u00a0\u00a0\u00a0\u00a0\u00a0 reviderad\u00a0210331\u00a0 \u200b Den\u00a0h\u00e4r\u00a0personuppgifts-policyn\u00a0g\u00e4ller\u00a0f\u00f6r\u00a0v\u00e5ra\u00a0kunder\u00a0hos\u00a0Vindestination\u00a0Sk\u00e5ne.\u00a0\u00a0 Personuppgifter\u00a0\u00e4r\u00a0information\u00a0som\u00a0identifierar\u00a0dig\u00a0eller\u00a0som\u00a0kan\u00a0anv\u00e4ndas\u00a0f\u00f6r\u00a0att\u00a0identifiera\u00a0 eller\u00a0kontakta\u00a0dig.\u00a0S\u00e5dana\u00a0personuppgifter\u00a0kan\u00a0inkludera\u00a0ditt\u00a0namn,\u00a0adress,\u00a0telefonnummer,\u00a0 mejl-adress\u00a0och\/eller\u00a0f\u00f6delsedatum.\u00a0 Vi\u00a0samlar\u00a0in\u00a0uppgifter\u00a0fr\u00e5n\u00a0dig\u00a0n\u00e4r\u00a0du\u00a0blir\u00a0kund\u00a0hos\u00a0oss\u00a0f\u00f6r\u00a0att\u00a0kunna\u00a0tillhandah\u00e5lla\u00a0v\u00e5ra\u00a0 tj\u00e4nster\u00a0p\u00e5\u00a0ett\u00a0korrekt\u00a0s\u00e4tt.\u00a0Vi\u00a0anv\u00e4nder\u00a0informationen\u00a0f\u00f6r\u00a0att\u00a0skr\u00e4ddarsy\u00a0tj\u00e4nsten\u00a0till\u00a0kundens\u00a0 verksamhet.\u00a0 Vi\u00a0samlar\u00a0in\u00a0informationen\u00a0via\u00a0t\u00a0ex\u00a0kundsupport\u00a0eller\u00a0fr\u00e5geformul\u00e4r\/avtal.\u00a0Den\u00a0r\u00e4ttsliga\u00a0 grunden\u00a0f\u00f6r\u00a0en\u00a0s\u00e5dan\u00a0behandling\u00a0av\u00a0uppgifter\u00a0\u00e4r\u00a0v\u00e5ra\u00a0legitima\u00a0intressen\u00a0att\u00a0skr\u00e4ddarsy\u00a0 inneh\u00e5llet\u00a0i\u00a0v\u00e5ra\u00a0tj\u00e4nster\u00a0f\u00f6r\u00a0optimal\u00a0kundupplevelse.\u00a0 Vi\u00a0anv\u00e4nder\u00a0\u00e4ven\u00a0ditt\u00a0namn\u00a0och\u00a0din\u00a0mejladress\u00a0f\u00f6r\u00a0att\u00a0skicka\u00a0dig\u00a0l\u00f6pande\u00a0information\u00a0om\u00a0dina\u00a0 tj\u00e4nster\u00a0hos\u00a0oss.\u00a0 Om\u00a0du\u00a0som\u00a0kund\u00a0kontaktar\u00a0kundtj\u00e4nst\u00a0kommer\u00a0vi\u00a0att\u00a0kommunicera\u00a0med\u00a0dig\u00a0med\u00a0svar\u00a0p\u00e5\u00a0dina\u00a0 fr\u00e5gor,\u00a0f\u00f6r\u00a0att\u00a0tillhandah\u00e5lla\u00a0de\u00a0tj\u00e4nster\u00a0du\u00a0beg\u00e4r,\u00a0och\u00a0f\u00f6r\u00a0att\u00a0hantera\u00a0ditt\u00a0kundkonto.\u00a0Vi\u00a0 kommer\u00a0att\u00a0kommunicera\u00a0med\u00a0dig\u00a0via\u00a0mejl\u00a0eller\u00a0telefon\u00a0i\u00a0enlighet\u00a0med\u00a0dina\u00a0\u00f6nskem\u00e5l.\u00a0 \u200b Dina\u00a0r\u00e4ttigheter\u200b Du\u00a0har\u00a0r\u00e4tt\u00a0att\u00a0beg\u00e4ra\u00a0r\u00e4ttelse\u00a0av\u00a0felaktiga\u00a0personuppgifter.\u00a0 Du\u00a0har\u00a0r\u00e4tt\u00a0till\u00a0radering\u00a0av\u00a0personuppgifter\u00a0utan\u00a0on\u00f6digt\u00a0dr\u00f6jsm\u00e5l\u00a0under\u00a0vissa\u00a0omst\u00e4ndigheter,\u00a0 t\u00a0ex\u00a0om\u00a0dina\u00a0personuppgifter\u00a0inte\u00a0l\u00e4ngre\u00a0beh\u00f6vs\u00a0f\u00f6r\u00a0de\u00a0\u00e4ndam\u00e5l\u00a0f\u00f6r\u00a0vilka\u00a0de\u00a0samlades\u00a0in.\u00a0 Du\u00a0har\u00a0r\u00e4tt\u00a0att\u00a0g\u00f6ra\u00a0inv\u00e4ndningar\u00a0om\u00a0vi\u00a0anv\u00e4nder\u00a0dina\u00a0uppgifter\u00a0i\u00a0egna\u00a0intressen\u00a0och\u200b marknadsf\u00f6rings\u00e4ndam\u00e5l\u00a0utan\u00a0ditt\u00a0medgivande,\u00a0samt\u00a0givetvis\u00a0om\u00a0dina\u00a0uppgifter\u00a0p\u00e5\u00a0n\u00e5got\u00a0vis\u00a0 skulle\u00a0behandlas\u00a0p\u00e5\u00a0olagligt\u00a0s\u00e4tt.\u00a0 \u200b Kontakta\u00a0dataskyddsombudet\u00a0hos\u00a0v\u00e5r\u00a0kundsupport\u00a0p\u00e5\u00a0info@vindestinationskane.se\u00a0om\u00a0du\u00a0har\u00a0 fr\u00e5gor\u00a0kring\u00a0v\u00e5r\u00a0integritet-\u00a0och\u00a0personuppgiftspolicy.\u00a0 \u00a0<\/p>\n","protected":false},"author":1,"featured_media":0,"parent":0,"menu_order":0,"comment_status":"closed","ping_status":"closed","template":"","meta":{"footnotes":""},"class_list":["post-1253","page","type-page","status-publish","hentry"],"_links":{"self":[{"href":"https:\/\/vindestinationskane.se\/index.php?rest_route=\/wp\/v2\/pages\/1253","targetHints":{"allow":["GET"]}}],"collection":[{"href":"https:\/\/vindestinationskane.se\/index.php?rest_route=\/wp\/v2\/pages"}],"about":[{"href":"https:\/\/vindestinationskane.se\/index.php?rest_route=\/wp\/v2\/types\/page"}],"author":[{"embeddable":true,"href":"https:\/\/vindestinationskane.se\/index.php?rest_route=\/wp\/v2\/users\/1"}],"replies":[{"embeddable":true,"href":"https:\/\/vindestinationskane.se\/index.php?rest_route=%2Fwp%2Fv2%2Fcomments&post=1253"}],"version-history":[{"count":1,"href":"https:\/\/vindestinationskane.se\/index.php?rest_route=\/wp\/v2\/pages\/1253\/revisions"}],"predecessor-version":[{"id":1254,"href":"https:\/\/vindestinationskane.se\/index.php?rest_route=\/wp\/v2\/pages\/1253\/revisions\/1254"}],"wp:attachment":[{"href":"https:\/\/vindestinationskane.se\/index.php?rest_route=%2Fwp%2Fv2%2Fmedia&parent=1253"}],"curies":[{"name":"wp","href":"https:\/\/api.w.org\/{rel}","templated":true}]}}