{"id":1466,"date":"2021-05-28T18:47:53","date_gmt":"2021-05-28T18:47:53","guid":{"rendered":"http:\/\/test.vindestinationskane.se\/?page_id=1466"},"modified":"2021-06-17T10:20:30","modified_gmt":"2021-06-17T10:20:30","slug":"om-oss","status":"publish","type":"page","link":"https:\/\/vindestinationskane.se\/?page_id=1466","title":{"rendered":"Om oss"},"content":{"rendered":"<div class=\"fusion-fullwidth fullwidth-box fusion-builder-row-1 fusion-flex-container nonhundred-percent-fullwidth non-hundred-percent-height-scrolling\" style=\"background-color: rgba(255,255,255,0);background-position: left top;background-repeat: no-repeat;border-width: 0px 250px 0px 0px;border-color:#ffffff;border-style:solid;\" ><div class=\"fusion-builder-row fusion-row fusion-flex-align-items-center\" style=\"max-width:1216.8px;margin-left: calc(-4% \/ 2 );margin-right: calc(-4% \/ 2 );\"><div class=\"fusion-layout-column fusion_builder_column fusion-builder-column-0 fusion_builder_column_1_2 1_2 fusion-flex-column fusion-flex-align-self-flex-start\"><div class=\"fusion-column-wrapper fusion-flex-justify-content-flex-end fusion-content-layout-column fusion-empty-column-bg-image\" style=\"background-image: url(&#039;https:\/\/vindestinationskane.se\/wp-content\/uploads\/2020\/09\/dw4.jpg&#039;);background-position:center center;background-repeat:no-repeat;-webkit-background-size:cover;-moz-background-size:cover;-o-background-size:cover;background-size:cover;padding: 0px 0px 322px 0px;\" data-bg-url=\"https:\/\/vindestinationskane.se\/wp-content\/uploads\/2020\/09\/dw4.jpg\"><img decoding=\"async\" src=\"data:image\/svg+xml,%3Csvg%20xmlns%3D%27http%3A%2F%2Fwww.w3.org%2F2000%2Fsvg%27%20width%3D%27597%27%20height%3D%27369%27%20viewBox%3D%270%200%20597%20369%27%3E%3Crect%20width%3D%27597%27%20height%3D%27369%27%20fill-opacity%3D%220%22%2F%3E%3C%2Fsvg%3E\" alt=\"\"><\/div><style type=\"text\/css\">.fusion-body .fusion-builder-column-0{width:50% !important;margin-top : 20px;margin-bottom : 0px;}.fusion-builder-column-0 > .fusion-column-wrapper {padding-top : 0px !important;padding-right : 0px !important;margin-right : 3.84%;padding-bottom : 322px !important;padding-left : 0px !important;margin-left : 3.84%;}@media only screen and (max-width:1050px) {.fusion-body .fusion-builder-column-0{width:100% !important;order : 0;}.fusion-builder-column-0 > .fusion-column-wrapper {margin-right : 1.92%;margin-left : 1.92%;}}@media only screen and (max-width:640px) {.fusion-body .fusion-builder-column-0{width:100% !important;order : 0;}.fusion-builder-column-0 > .fusion-column-wrapper {margin-right : 1.92%;margin-left : 1.92%;}}<\/style><\/div><div class=\"fusion-layout-column fusion_builder_column fusion-builder-column-1 fusion_builder_column_1_2 1_2 fusion-flex-column fusion-flex-align-self-center\"><div class=\"fusion-column-wrapper fusion-flex-justify-content-flex-start fusion-content-layout-column\" style=\"background-position:left top;background-repeat:no-repeat;-webkit-background-size:cover;-moz-background-size:cover;-o-background-size:cover;background-size:cover;padding: 0px 113px 8px 0px;\"><div class=\"fusion-text fusion-text-1\"><div class=\"zw-line-div\">\n<div class=\"zw-line-content\"><span class=\"zw-portion\" data-text-len=\"97\">Vi\u00a0f\u00f6renas\u00a0i\u00a0v\u00e5r\u00a0k\u00e4rlek\u00a0till\u00a0Sk\u00e5ne\u00a0och\u00a0v\u00e5rt\u00a0stora\u00a0engagemang\u00a0f\u00f6r\u00a0ett\u00a0levande,\u00a0starkt\u00a0och\u00a0h\u00e5llbart<\/span><span class=\"zw-portion\" data-text-len=\"1\">\u00a0<\/span><\/div>\n<\/div>\n<div class=\"zw-line-div\">\n<div class=\"zw-line-content\"><span class=\"zw-portion\" data-text-len=\"92\">n\u00e4ringsliv,\u00a0men\u00a0utan\u00a0att\u00a0gl\u00f6mma\u00a0vinkulturen,\u00a0landbruket\u00a0och\u00a0den\u00a0levande\u00a0landsbygden.\u00a0Mat\u00a0och<\/span><span class=\"zw-portion\" data-text-len=\"1\">\u00a0<\/span><\/div>\n<\/div>\n<div class=\"zw-line-div\">\n<div class=\"zw-line-content\"><span class=\"zw-portion\" data-text-len=\"97\">dryck\u00a0\u00e4r\u00a0n\u00e5got\u00a0vi\u00a0b\u00e5da\u00a0brinner\u00a0f\u00f6r\u00a0och\u00a0vi\u00a0ser\u00a0det\u00a0som\u00a0en\u00a0ynnest\u00a0att\u00a0genom\u00a0Vindestination\u00a0Sk\u00e5ne\u00a0f\u00e5<\/span><span class=\"zw-portion\" data-text-len=\"1\">\u00a0<\/span><\/div>\n<\/div>\n<div class=\"zw-line-div\">\n<div class=\"zw-line-content\"><span class=\"zw-portion\" data-text-len=\"87\">vara\u00a0med\u00a0och\u00a0bidra\u00a0till\u00a0skapandet\u00a0av\u00a0en\u00a0ny\u00a0sp\u00e4nnande\u00a0destination\u00a0f\u00f6r\u00a0vinturism\u00a0i\u00a0Sk\u00e5ne.<\/span><\/div>\n<\/div>\n<div>\u00a0<\/div>\n<div>\n<div class=\"zw-line-div\">\n<div class=\"zw-line-content\"><span class=\"zw-portion\" data-text-len=\"96\">Vi\u00a0som\u00a0grundat\u00a0Vindestination\u00a0Sk\u00e5ne\u00a0heter\u00a0Anja\u00a0Nordberg\u00a0Sonesson\u00a0och\u00a0David\u00a0Blomgren.\u00a0Vi\u00a0har\u00a0l\u00e5ng<\/span><\/div>\n<\/div>\n<div class=\"zw-line-div\">\n<div class=\"zw-line-content\"><span class=\"zw-portion\" data-text-len=\"74\">erfarenhet\u00a0fr\u00e5n\u00a0flera\u00a0olika\u00a0branscher\u00a0b\u00e5de\u00a0nationellt\u00a0och\u00a0internationellt.<\/span><\/div>\n<\/div>\n<\/div>\n<div>\u00a0<\/div>\n<div>\n<div class=\"zw-line-div\">\n<div class=\"zw-line-content\"><span class=\"zw-portion\" data-text-len=\"39\">Anja\u00a0\u00e4r\u00a0jurist\u00a0med\u00a0fler\u00e5rig\u00a0erfarenhet\u00a0<\/span><span class=\"zw-portion\" data-text-len=\"25\">som\u00a0f\u00f6rs\u00e4ljningschef\u00a0inom<\/span><span class=\"zw-portion\" data-text-len=\"35\">\u00a0biotechindustrin,\u00a0men\u00a0framf\u00f6r\u00a0allt<\/span><span class=\"zw-portion\" data-text-len=\"1\">\u00a0<\/span><\/div>\n<\/div>\n<div class=\"zw-line-div\">\n<div class=\"zw-line-content\"><span class=\"zw-portion\" data-text-len=\"93\">har\u00a0hon\u00a0arbetat\u00a0med\u00a0kommunikation\u00a0och\u00a0opinionsbildning\u00a0b\u00e5de\u00a0inom\u00a0n\u00e4ringsliv\u00a0och\u00a0politik.\u00a0Anja<\/span><span class=\"zw-portion\" data-text-len=\"3\">\u00a0\u00e4r<\/span><span class=\"zw-portion\" data-text-len=\"1\">\u00a0<\/span><\/div>\n<\/div>\n<div class=\"zw-line-div\">\n<div class=\"zw-line-content\"><span class=\"zw-portion\" data-text-len=\"24\">en\u00a0riktig\u00a0tr\u00e4dg\u00e5rdsn\u00f6rd\u00a0<\/span><span class=\"zw-portion\" data-text-len=\"3\">och<\/span><span class=\"zw-portion\" data-text-len=\"56\">\u00a0har\u00a0\u00e4ven\u00a0ett\u00a0stort\u00a0engagemang\u00a0f\u00f6r\u00a0m\u00e4nskliga\u00a0r\u00e4ttigheter<\/span><span class=\"zw-portion\" data-text-len=\"1\">.<\/span><span class=\"EOP EOP-readonly\">\u00a0<\/span><\/div>\n<\/div>\n<\/div>\n<\/div><\/div><style type=\"text\/css\">.fusion-body .fusion-builder-column-1{width:50% !important;margin-top : 20px;margin-bottom : 31px;}.fusion-builder-column-1 > .fusion-column-wrapper {padding-top : 0px !important;padding-right : 113px !important;margin-right : 41.664%;padding-bottom : 8px !important;padding-left : 0px !important;margin-left : 3.84%;}@media only screen and (max-width:1050px) {.fusion-body .fusion-builder-column-1{width:100% !important;order : 0;}.fusion-builder-column-1 > .fusion-column-wrapper {margin-right : 1.92%;margin-left : 1.92%;}}@media only screen and (max-width:640px) {.fusion-body .fusion-builder-column-1{width:100% !important;order : 0;}.fusion-builder-column-1 > .fusion-column-wrapper {margin-right : 1.92%;margin-left : 1.92%;}}<\/style><\/div><div class=\"fusion-layout-column fusion_builder_column fusion-builder-column-2 fusion_builder_column_1_2 1_2 fusion-flex-column\"><div class=\"fusion-column-wrapper fusion-flex-justify-content-flex-start fusion-content-layout-column fusion-empty-column-bg-image\" style=\"background-image: url(&#039;https:\/\/vindestinationskane.se\/wp-content\/uploads\/2021\/05\/s1shutterstock_1632650449.jpeg&#039;);background-position:left top;background-repeat:no-repeat;-webkit-background-size:cover;-moz-background-size:cover;-o-background-size:cover;background-size:cover;padding: 0px 0px 468px 0px;\" data-bg-url=\"https:\/\/vindestinationskane.se\/wp-content\/uploads\/2021\/05\/s1shutterstock_1632650449.jpeg\"><img decoding=\"async\" src=\"data:image\/svg+xml,%3Csvg%20xmlns%3D%27http%3A%2F%2Fwww.w3.org%2F2000%2Fsvg%27%20width%3D%27444%27%20height%3D%27296%27%20viewBox%3D%270%200%20444%20296%27%3E%3Crect%20width%3D%27444%27%20height%3D%27296%27%20fill-opacity%3D%220%22%2F%3E%3C%2Fsvg%3E\" alt=\"\"><\/div><style type=\"text\/css\">.fusion-body .fusion-builder-column-2{width:50% !important;margin-top : 20px;margin-bottom : 20px;}.fusion-builder-column-2 > .fusion-column-wrapper {padding-top : 0px !important;padding-right : 0px !important;margin-right : 3.84%;padding-bottom : 468px !important;padding-left : 0px !important;margin-left : 3.84%;}@media only screen and (max-width:1050px) {.fusion-body .fusion-builder-column-2{width:100% !important;order : 0;}.fusion-builder-column-2 > .fusion-column-wrapper {margin-right : 1.92%;margin-left : 1.92%;}}@media only screen and (max-width:640px) {.fusion-body .fusion-builder-column-2{width:100% !important;order : 0;}.fusion-builder-column-2 > .fusion-column-wrapper {margin-right : 1.92%;margin-left : 1.92%;}}<\/style><\/div><div class=\"fusion-layout-column fusion_builder_column fusion-builder-column-3 fusion_builder_column_1_2 1_2 fusion-flex-column fusion-flex-align-self-flex-start\"><div class=\"fusion-column-wrapper fusion-flex-justify-content-flex-start fusion-content-layout-column\" style=\"background-position:left top;background-repeat:no-repeat;-webkit-background-size:cover;-moz-background-size:cover;-o-background-size:cover;background-size:cover;padding: 0px 0px 0px 0px;\"><div class=\"fusion-text fusion-text-2\"><div class=\"zw-line-div\">\n<div class=\"zw-line-content\"><span class=\"zw-portion\" data-text-len=\"36\">David\u00a0har\u00a0en\u00a0l\u00e5ng\u00a0yrkesbakgrund\u00a0fr\u00e5n<\/span><span class=\"zw-portion\" data-text-len=\"21\">\u00a0den\u00a0internationella,<\/span><span class=\"zw-portion\" data-text-len=\"30\">\u00a0dryckesindustrin\u00a0och\u00a0har\u00a0bott<\/span><span class=\"zw-portion\" data-text-len=\"12\">\u00a0och\u00a0arbetat<\/span><span class=\"zw-portion\" data-text-len=\"1\">\u00a0<\/span><\/div>\n<\/div>\n<div class=\"zw-line-div\">\n<div class=\"zw-line-content\"><span class=\"zw-portion\" data-text-len=\"49\">st\u00f6rre\u00a0delen\u00a0av\u00a0sitt\u00a0yrkesverksamma\u00a0liv\u00a0utomlands<\/span><span class=\"zw-portion\" data-text-len=\"1\">,<\/span><span class=\"zw-portion\" data-text-len=\"1\">\u00a0<\/span><span class=\"zw-portion\" data-text-len=\"5\">bl.a.<\/span><span class=\"zw-portion\" data-text-len=\"1\">\u00a0<\/span><span class=\"zw-portion\" data-text-len=\"2\">i\u00a0<\/span><span class=\"zw-portion\" data-text-len=\"29\">Tyskland,\u00a0Dubai,\u00a0England\u00a0och\u00a0<\/span><span class=\"zw-portion\" data-text-len=\"7\">Israel.<\/span><span class=\"zw-portion\" data-text-len=\"1\">\u00a0<\/span><span class=\"zw-portion\" data-text-len=\"4\">\u00c4ven<\/span><span class=\"zw-portion\" data-text-len=\"1\">\u00a0<\/span><\/div>\n<\/div>\n<div class=\"zw-line-div\">\n<div class=\"zw-line-content\"><span class=\"zw-portion\" data-text-len=\"67\">David\u00a0har\u00a0ett\u00a0stort\u00a0samh\u00e4llsengagemang\u00a0med\u00a0flera\u00a0f\u00f6rtroendeuppdrag\u00a0<\/span><span class=\"zw-portion\" data-text-len=\"18\">och\u00a0styrelseposter<\/span><span class=\"zw-portion\" data-text-len=\"1\">.<\/span><\/div>\n<div>\u00a0<\/div>\n<\/div>\n<div>\n<div class=\"zw-paragraph heading105\" data-width=\"604.0666666666666\" data-header=\"105\" data-textformat=\"{&quot;size&quot;:&quot;12.0&quot;}\">\n<div class=\"zw-line-div\">\n<div class=\"zw-line-content\"><strong><span class=\"zw-portion\" data-text-len=\"16\">Kontakta\u00a0oss\u00a0p\u00e5:<\/span><span class=\"zw-portion\" data-text-len=\"2\">\u00a0\u00a0<\/span><span class=\"EOP EOP-readonly\">\u00a0<\/span><\/strong><\/div>\n<\/div>\n<\/div>\n<div class=\"zw-paragraph heading105\" data-width=\"604.0666666666666\" data-header=\"105\" data-textformat=\"{&quot;size&quot;:&quot;12.0&quot;}\">\n<div class=\"zw-line-div\">\n<div class=\"zw-line-content\">\u00a0<\/div>\n<\/div>\n<\/div>\n<div class=\"zw-paragraph heading105\" data-width=\"604.0666666666666\" data-header=\"105\" data-textformat=\"{&quot;size&quot;:&quot;12.0&quot;}\">\n<div class=\"zw-line-div\">\n<div class=\"zw-line-content\"><span class=\"zw-portion\" data-text-len=\"22\">Anja\u00a0Nordberg\u00a0Sonesson<\/span><span class=\"EOP EOP-readonly\">\u00a0<\/span><\/div>\n<\/div>\n<\/div>\n<div class=\"zw-paragraph heading105\" data-width=\"604.0666666666666\" data-header=\"105\" data-textformat=\"{&quot;size&quot;:&quot;12.0&quot;}\">\n<div class=\"zw-line-div\">\n<div class=\"zw-line-content\"><span class=\"zw-portion zeroSize\" data-text-len=\"1\"><img id=\"q412jaegv359\" class=\"spacer zw-range-start\" \/><\/span><span class=\"zw-portion link\" title=\"mailto:anja@vindestinationskane.se\" data-title=\"mailto:anja@vindestinationskane.se\" data-href=\"mailto:anja@vindestinationskane.se\" data-type=\"3\" data-target=\"_blank\" data-text-len=\"27\">anja@vindestinationskane.se<\/span><span class=\"zw-portion zeroSize\" data-text-len=\"1\"><img id=\"q412jaegv359\" class=\"spacer zw-range-end noprint\" \/><\/span><span class=\"EOP EOP-readonly\">\u00a0<\/span><\/div>\n<\/div>\n<\/div>\n<div class=\"zw-paragraph heading105\" data-width=\"604.0666666666666\" data-header=\"105\" data-textformat=\"{&quot;size&quot;:&quot;12.0&quot;}\">\n<div class=\"zw-line-div\">\n<div class=\"zw-line-content\"><span class=\"zw-portion\" data-text-len=\"4\">0766<\/span><span class=\"zw-portion\" data-text-len=\"3\">\u00a0\u2013\u00a0<\/span><span class=\"zw-portion\" data-text-len=\"3\">114<\/span><span class=\"zw-portion\" data-text-len=\"1\">\u00a0<\/span><span class=\"zw-portion\" data-text-len=\"3\">170<\/span><span class=\"zw-portion\" data-text-len=\"1\">\u00a0<\/span><span class=\"EOP EOP-readonly\">\u00a0<\/span><\/div>\n<\/div>\n<\/div>\n<div class=\"zw-paragraph heading105\" data-width=\"604.0666666666666\" data-header=\"105\" data-textformat=\"{&quot;size&quot;:&quot;12.0&quot;}\">\n<div class=\"zw-line-div\">\n<div class=\"zw-line-content\"><span class=\"EOP EOP-readonly\">\u00a0<\/span><\/div>\n<\/div>\n<\/div>\n<div class=\"zw-paragraph heading105\" data-width=\"604.0666666666666\" data-header=\"105\" data-textformat=\"{&quot;size&quot;:&quot;12.0&quot;}\">\n<div class=\"zw-line-div\">\n<div class=\"zw-line-content\"><span class=\"zw-portion\" data-text-len=\"5\">eller<\/span><span class=\"zw-portion\" data-text-len=\"1\">\u00a0<\/span><span class=\"EOP EOP-readonly\">\u00a0<\/span><\/div>\n<\/div>\n<\/div>\n<div class=\"zw-paragraph heading105\" data-width=\"604.0666666666666\" data-header=\"105\" data-textformat=\"{&quot;size&quot;:&quot;12.0&quot;}\">\n<div class=\"zw-line-div\">\n<div class=\"zw-line-content\"><span class=\"EOP EOP-readonly\">\u00a0<\/span><\/div>\n<\/div>\n<\/div>\n<div class=\"zw-paragraph heading105\" data-width=\"604.0666666666666\" data-header=\"105\" data-textformat=\"{&quot;size&quot;:&quot;12.0&quot;}\">\n<div class=\"zw-line-div\">\n<div class=\"zw-line-content\"><span class=\"zw-portion\" data-text-len=\"14\">David\u00a0Blomgren<\/span><span class=\"EOP EOP-readonly\">\u00a0<\/span><\/div>\n<\/div>\n<\/div>\n<div class=\"zw-paragraph heading105\" data-width=\"604.0666666666666\" data-header=\"105\" data-textformat=\"{&quot;size&quot;:&quot;12.0&quot;}\">\n<div class=\"zw-line-div\">\n<div class=\"zw-line-content\"><span class=\"zw-portion zeroSize\" data-text-len=\"1\"><img id=\"rij25k2aqech\" class=\"spacer zw-range-start\" \/><\/span><span class=\"zw-portion link\" title=\"mailto:david@vindestinationskane.se\" data-title=\"mailto:david@vindestinationskane.se\" data-href=\"mailto:david@vindestinationskane.se\" data-type=\"3\" data-target=\"_blank\" data-text-len=\"28\">david@vindestinationskane.se<\/span><span class=\"zw-portion zeroSize\" data-text-len=\"1\"><img id=\"rij25k2aqech\" class=\"spacer zw-range-end noprint\" \/><\/span><span class=\"EOP EOP-readonly\">\u00a0<\/span><\/div>\n<\/div>\n<\/div>\n<div class=\"zw-paragraph heading105\" data-width=\"604.0666666666666\" data-header=\"105\" data-textformat=\"{&quot;size&quot;:&quot;12.0&quot;}\">\n<div class=\"zw-line-div\">\n<div class=\"zw-line-content\"><span class=\"zw-portion\" data-text-len=\"4\">0703<\/span><span class=\"zw-portion\" data-text-len=\"3\">\u00a0&#8211;\u00a0<\/span><span class=\"zw-portion\" data-text-len=\"3\">746<\/span><span class=\"zw-portion\" data-text-len=\"1\">\u00a0<\/span><span class=\"zw-portion\" data-text-len=\"3\">111<\/span><span class=\"EOP EOP-readonly\">\u00a0<\/span><\/div>\n<\/div>\n<\/div>\n<\/div>\n<\/div><\/div><style type=\"text\/css\">.fusion-body .fusion-builder-column-3{width:50% !important;margin-top : 20px;margin-bottom : 20px;}.fusion-builder-column-3 > .fusion-column-wrapper {padding-top : 0px !important;padding-right : 0px !important;margin-right : 3.84%;padding-bottom : 0px !important;padding-left : 0px !important;margin-left : 3.84%;}@media only screen and (max-width:1050px) {.fusion-body .fusion-builder-column-3{width:100% !important;order : 0;}.fusion-builder-column-3 > .fusion-column-wrapper {margin-right : 1.92%;margin-left : 1.92%;}}@media only screen and (max-width:640px) {.fusion-body .fusion-builder-column-3{width:100% !important;order : 0;}.fusion-builder-column-3 > .fusion-column-wrapper {margin-right : 1.92%;margin-left : 1.92%;}}<\/style><\/div><\/div><style type=\"text\/css\">.fusion-body .fusion-flex-container.fusion-builder-row-1{ padding-top : 0px;margin-top : 0px;padding-right : 0px;padding-bottom : 0px;margin-bottom : 0px;padding-left : 0px;}<\/style><\/div>\n","protected":false},"excerpt":{"rendered":"","protected":false},"author":1,"featured_media":0,"parent":0,"menu_order":0,"comment_status":"closed","ping_status":"closed","template":"100-width.php","meta":{"footnotes":""},"class_list":["post-1466","page","type-page","status-publish","hentry"],"_links":{"self":[{"href":"https:\/\/vindestinationskane.se\/index.php?rest_route=\/wp\/v2\/pages\/1466","targetHints":{"allow":["GET"]}}],"collection":[{"href":"https:\/\/vindestinationskane.se\/index.php?rest_route=\/wp\/v2\/pages"}],"about":[{"href":"https:\/\/vindestinationskane.se\/index.php?rest_route=\/wp\/v2\/types\/page"}],"author":[{"embeddable":true,"href":"https:\/\/vindestinationskane.se\/index.php?rest_route=\/wp\/v2\/users\/1"}],"replies":[{"embeddable":true,"href":"https:\/\/vindestinationskane.se\/index.php?rest_route=%2Fwp%2Fv2%2Fcomments&post=1466"}],"version-history":[{"count":22,"href":"https:\/\/vindestinationskane.se\/index.php?rest_route=\/wp\/v2\/pages\/1466\/revisions"}],"predecessor-version":[{"id":1514,"href":"https:\/\/vindestinationskane.se\/index.php?rest_route=\/wp\/v2\/pages\/1466\/revisions\/1514"}],"wp:attachment":[{"href":"https:\/\/vindestinationskane.se\/index.php?rest_route=%2Fwp%2Fv2%2Fmedia&parent=1466"}],"curies":[{"name":"wp","href":"https:\/\/api.w.org\/{rel}","templated":true}]}}